{"id":5,"date":"2009-05-29T15:44:02","date_gmt":"2009-05-29T13:44:02","guid":{"rendered":"http:\/\/www.tomliehr.de\/blog\/?page_id=5"},"modified":"2024-03-08T17:18:00","modified_gmt":"2024-03-08T15:18:00","slug":"pauschaltourist","status":"publish","type":"page","link":"https:\/\/www.tomliehr.de\/?page_id=5","title":{"rendered":"Radio Nights"},"content":{"rendered":"<ul>\n<li><a title=\"Zum Verlag\" href=\"http:\/\/www.aufbau-verlag.de\/\" target=\"_blank\" rel=\"noopener noreferrer\">Aufbau-Verlag<\/a><\/li>\n<li>Erstver\u00f6ffentlichung: M\u00e4rz 2003<a title=\"Bestellen bei Amazon\" href=\"https:\/\/shop.autorenwelt.de\/products\/radio-nights-von-tom-liehr?variant=51670691462\" target=\"_blank\" rel=\"noopener noreferrer\"><img loading=\"lazy\" decoding=\"async\" class=\"alignright\" src=\"..\/..\/radionightsaktuell.jpg\" alt=\"Radio Nights (aktuelles Cover)\" width=\"205\" height=\"341\" \/><\/a><\/li>\n<li>Wiederver\u00f6ffentlichung: 2008<\/li>\n<li>Auflage: 4<\/li>\n<\/ul>\n<p>Mein erster Roman, entstanden unter dem Arbeitstitel &#8222;Fuck Radio&#8220;:<\/p>\n<p><em>Donald Kunze hat ein loses Mundwerk und eine Stimme, die unter die Haut geht. Und er hat einen Traum: Radiomoderator will er werden, mit eigenem Programm. Selbstredend gewinnt er schon als Grundsch\u00fcler jeden Lesewettbewerb, gilt als &#8222;der Professor&#8220; oder &#8222;die Stimme&#8220;, wird Klassen- und Schulsprecher. Beliebt ist er allerdings nicht, h\u00f6chstens bewundert &#8211; er ist ein Einzelg\u00e4nger.<br \/>\nEin Job bei &#8222;Sound-Fashion&#8220;, einem Plattenladen mit textilem Anschlu\u00df, beschert ihm eines Tages Liddy &#8211; seine erste und vielleicht einzige gro\u00dfe Liebe. Kunze f\u00fchlt sich so gl\u00fccklich wie damals, als er ein kleines, gelbes Taschenradio mit Ohrstecker bekam. Und pl\u00f6tzlich scheint alles m\u00f6glich: Don FM Kunze wird Starmoderator. Doch Erfolg und Liebe vertragen sich nicht &#8230;<br \/>\n&#8222;Als ich klein war, da gab es eine Nacht, in der ich ganz allein in meinem Etagenbett lag. Ich habe mich zu Tode gef\u00fcrchtet, wirklich. Aber ich hatte mein Radio, mein kleines, gelbes Radio. Es hat mir das Leben gerettet.&#8220;<\/em><\/p>\n<p><em>Wenn Don FM Kunze auf Sendung ist, halten die Nachtschw\u00e4rmer verzaubert inne: Taxifahrer verweigern ihren Dienst, Musikfans erwachen aus dem Tiefschlaf, und Fr\u00fchschichtler stellen die Weckzeit vor. Die Welt erwacht zu neuem Leben, denn alle wollen seine Stimme h\u00f6ren &#8211; auf PowerRock Berlin, dem coolsten Sender der Stadt.<\/em><\/p>\n<p><em>Ein rasanter und witziger Roman, der direkt ins Ohr geht.<br \/>\n(Klappentext) <\/em><\/p>\n<h2><a title=\"Leseprobe\" href=\"http:\/\/www.aufbauverlag.de\/index.php4?page=2405&amp;show=13559\" target=\"_blank\" rel=\"noopener noreferrer\">&gt;&gt; Leseprobe<\/a><\/h2>\n<p>Und das Cover der Erstver\u00f6ffentlichung (die vergriffen ist):<br \/>\n<img loading=\"lazy\" decoding=\"async\" src=\"http:\/\/www.tomliehr.de\/rn.gif\" alt=\"Radio Nights (urspr\u00fcngliches Cover)\" width=\"193\" height=\"292\" \/><\/p>\n<h2><strong><strong>Presseresonanz:<\/strong><\/strong><\/h2>\n<p><strong><em>&#8222;Pflichtlekt\u00fcre. ( \u00e2_\u00a6 ) Ein richtig witziges Radio-Buch von Tom Liehr&#8220;<\/em><\/strong><em><br \/>\n<a href=\"http:\/\/www.fritz.de\/fritz_info\/buecher\/2008\/2008_10\/radio.html\" target=\"_blank\" rel=\"noopener noreferrer\">Radio FRITZ\/RBB<\/a>, 31.10.2008<\/em><\/p>\n<p><em><strong>&#8222;Das \u00dcben hat sich gelohnt. Prallbunt erz\u00e4hlt Liehr vom Traum eines Starmoderators &#8211; und der Liebe.&#8220;<br \/>\n<\/strong>Allegra 04\/2003 \u00e2_&#8220; Literatur-Special \u00e2_oDie aufregendsten B\u00fccher der Saison\u00e2__<\/em><\/p>\n<p><strong><em>&#8222;Eine Liebeserkl\u00e4rung an das gesprochene Wort.&#8220;<\/em><\/strong><em><br \/>\nBlond Magazine 05\/2003<\/em><\/p>\n<p><em><strong>&#8222;Rasante Liebeserkl\u00e4rung an die Stimme on Air: Nach der Lekt\u00fcre h\u00f6rt man wieder hin.&#8220;<\/strong><br \/>\nPlayboy 05\/2003<\/em><\/p>\n<p><em><strong>&#8222;Radio-Freaks werden dieses Buch lieben und viele kritisierte Mi\u00dfst\u00e4nde best\u00e4tigt finden.&#8220;<\/strong><br \/>\nChalk (\u00d6sterreich) 04\/2003<\/em><\/p>\n<p><strong><em>&#8222;Rasant, am\u00fcsant und flapsig zugleich schildert Tom Liehr in seinem Erstlingsroman die deutsche Radiolandschaft. ( \u00e2_\u00a6 ) \u00e2_~Radio Nights\u00e2_T ist eine Hommage ans unabh\u00e4ngige Radio mit einem Touch Verkl\u00e4rung, den vor allem jene verzeihen werden, die ebenso wie Don FM Kunze unter den mit Hits-Hits-Hits-Brei verstopften Frequenzen leiden. 4 Sterne.&#8220;<\/em><\/strong><em><br \/>\nFacts Magazin (Schweiz) 05\/2003<br \/>\n<\/em> <a href=\"..\/..\/facts_2203.jpg\" target=\"_blank\" rel=\"noopener noreferrer\"><strong>Vollst\u00e4ndigen Artikel anzeigen (200 KB)<\/strong><\/a><\/p>\n<p><em><strong>&#8222;Ein Roman, der sp\u00fcrbar mit Herzblut geschrieben wurde und in seiner Intensit\u00e4t \u00fcberrascht. Nicht nur Radiofreaks werden ihn verschlingen.&#8220;<\/strong><\/em><br \/>\n<em>episteme Kulturdienstleistungen, 06\/2003<\/em><\/p>\n<p><em><strong>&#8222;Die Achterbahn-Story aus kleinen Aufstiegen und halb vernichtenden Abst\u00fcrzen lebt von Tom Liehrs ungek\u00fcnstelter Schreibe, seinem Detailwissen als Insider und der unkorrumpierten Leidenschaft f\u00fcr einen Radiostil, der die Rockmusik so ernst nimmt, wie sie es verdient. Die \u00e2_oTop-40-Schei\u00dfe\u00e2__ dilletierender Dudelanstalten wird ordentlich abgestraft. Insofern ist \u00e2_oRadio Nights\u00e2__ ein Roman f\u00fcr alle Idealisten, die nicht bereit sind, ihren Glauben an eine bestimmte Sache preiszugeben.<\/strong><strong>&#8222;<\/strong><br \/>\nFrankfurter Neue Presse, 26\/06\/2003<br \/>\n<\/em><\/p>\n<p><em><strong>&#8222;Ein sch\u00f6nes und vor allem sehr unterhaltsames Buch f\u00fcr laue (Radio-) Sommern\u00e4chte.<\/strong><strong>&#8222;<\/strong><br \/>\nlift-Stadtmagazin Stuttgart, 07\/2003<\/em><\/p>\n<p><em><strong>&#8222;Ein unwiderstehliches, souver\u00e4nes Buch.&#8220;<\/strong><br \/>\n(ekz, 07\/2003)<\/em><\/p>\n<p><em><strong>&#8222;bezaubernder Roman&#8220;<\/strong><br \/>\nStuttgarter Zeitung, 17\/07\/2003<\/em><\/p>\n<p><strong><em>&#8222;Tom Liehr hat mit seinem Erstling eine wunderbare Geschichte geschrieben, bewiesen, da\u00df Popliteratur mehr vermag, als larmoyante Selbstbespiegelung; gezeigt, da\u00df es auch in Deutschland zumindest einen Autor vom Format eines Nick Hornby gibt.&#8220;<\/em><\/strong><em><br \/>\nliterature.de, 07\/2003<br \/>\n<a href=\"http:\/\/www.literaturnetz.com\/modules.php?name=News&amp;file=article&amp;sid=1573\" target=\"_self\" rel=\"noopener noreferrer\">Artikel ansehen<\/a><\/em><\/p>\n<p><strong><em>&#8222;Tom Liehr erz\u00e4hlt seinen ersten Roman in einem lockeren, witzigen Stil. Er nimmt kein Blatt vor den Mund und spart nicht an Schimpfw\u00f6rtern und Kraftausdr\u00fccken, was manchmal etwas heftig und direkt r\u00fcberkommt, aber als Ausdrucksweise, um Milieu und Charakter der Menschen authentisch wiederzugeben, passend und n\u00f6tig scheint.<\/em><\/strong><em><strong>&#8222;<\/strong><br \/>\ncarpe.com, 07\/2003<br \/>\nwww.titel-magazin.de, 08\/2003<br \/>\n<a href=\"http:\/\/www.carpe.com\/content\/buch\/t\/t_tom_liehr_radio_nights_voge_e_14779.html\" target=\"_self\" rel=\"noopener noreferrer\">Artikel ansehen<\/a><\/em><\/p>\n<p><strong><em>&#8222;Sprachlich \u00fcberzeugt er mit rasanter Schnoddrigkeit. Ein Buch mit Mission.<\/em><\/strong><em><strong>&#8222;<\/strong><br \/>\nNDR Kultur, 08\/2003<br \/>\n<a href=\"http:\/\/www.ndrkultur.de\/ndrkultur_pages_stdep\/0,2515,OID139300_REF202,00.html\" target=\"_self\" rel=\"noopener noreferrer\">Artikel ansehen<\/a><\/em><\/p>\n<p><strong><em>&#8222;Ein literarischer Einsatz f\u00fcr ehrliches Radio fernab kommerzialisierter Weichsp\u00fcl-Frequenzen, ein Radio mit Herzblut und Tiefgang.&#8220;<\/em><\/strong><em><br \/>\nkultur.ARD.de, 08\/2003<\/em><\/p>\n<p><em><strong>&#8222;Ein Autor, der zum Kult werden wird und den man in einem Atemzug mit Nick Hornby nennen kann.<\/strong><strong>&#8222;<\/strong><br \/>\nRadio M 94,5, 08\/2003<\/em><br \/>\n<em><a href=\"..\/..\/radio.mp2\" target=\"_self\" rel=\"noopener noreferrer\">Beitrag anh\u00f6ren (MP2, 2 MB)<\/a><\/em><\/p>\n<p><em><strong>&#8222;Endlich, endlich gibt es einen unterhaltsamen und ausgesprochen kurzweiligen Roman f\u00fcr alle Radiofans. Ein rundum gelungener Roman!&#8220;<\/strong><br \/>\nRadio Journal, 07\/2003<\/em><\/p>\n<p><em><strong>&#8222;die Stimmung \u00fcbertr\u00e4gt sich ganz wunderbar auf den Leser, der sich auch einen Radiosender wie den im Buch beschriebenen w\u00fcnscht.<\/strong><strong>&#8222;<\/strong><br \/>\nM\u00e4rkische Allgemeine, 08\/2003<\/em><\/p>\n<p><em><strong>&#8222;Rasant und witzig mit einem Blick hinter die Studiokulissen privater und \u00f6ffentlich-rechtlicher Radiostationen.<\/strong><strong>&#8222;<\/strong><br \/>\nSeite EINS\/Radio Eins, 08\/2003<\/em><\/p>\n<p><em><strong>&#8222;Der Held hat Rock&#8217;n Roll im Blut. Radio Nights ist ein unterhaltsames, spannendes und mitrei\u00dfendes Buch.&#8220;<\/strong><br \/>\nVorarlberger Nachrichten, 02\/2004<\/em><\/p>\n<p><em><strong>&#8222;Donald bleibt ein zutiefst einsamer Don Quichotte. Was ihn am Ende rettet, ist nicht erst die Liebe (die kommt danach), sondern vor allem das Erwachen des Bewu\u00dftseins f\u00fcr die kleinen Ziele und Kostbarkeiten des Lebens.&#8220;<\/strong><br \/>\n<a href=\"http:\/\/www.salzgehalt.org\/pdf\/JuniSalz04_25_05Aweb.pdf\">Salzgehalt, L\u00fcneburg, 06\/2004<\/a><\/em><\/p>\n<p><em><strong>&#8222;Temporeicher Roman \u00fcber einen Radiomoderator, dessen einzigartige Stimme ihn zu einem Star der Berliner Nacht macht und dem doch etwas fehlt zum Gl\u00fcck. Rockende Liebeserkl\u00e4rung an die Nacht, an die Musik jenseits des Mainstreams und an das Radio.&#8220;<\/strong><br \/>\n&#8222;Unsere Besten&#8220;, Leseempfehlungen der Stiftung Lesen in Kooperation mit dem ZDF, 05\/2005 <\/em><\/p>\n<p><em>Mein pers\u00f6nlicher Favorit:<br \/>\n<img loading=\"lazy\" decoding=\"async\" src=\"..\/..\/emil_bz.jpg\" alt=\"\" width=\"410\" height=\"231\" \/><br \/>\n(Aus&#8220;B.Z.&#8220; 12\/08\/03, &#8222;Wer liest wo&#8220; &#8211; Berliner Kulturprominente zeigen ihre Lieblingspl\u00e4tze zum Schm\u00f6kern)<\/em><\/p>\n","protected":false},"excerpt":{"rendered":"<p>Aufbau-Verlag Erstver\u00f6ffentlichung: M\u00e4rz 2003 Wiederver\u00f6ffentlichung: 2008 Auflage: 4 Mein erster Roman, entstanden unter dem Arbeitstitel &#8222;Fuck Radio&#8220;: Donald Kunze hat ein loses Mundwerk und eine Stimme, die unter die Haut geht. Und er hat einen Traum: Radiomoderator will er werden, mit eigenem Programm. Selbstredend gewinnt er schon als Grundsch\u00fcler jeden Lesewettbewerb, gilt als &#8222;der Professor&#8220; &hellip; <a href=\"https:\/\/www.tomliehr.de\/?page_id=5\" class=\"more-link\"><span class=\"screen-reader-text\">Radio Nights<\/span> weiterlesen <span class=\"meta-nav\">&rarr;<\/span><\/a><\/p>\n","protected":false},"author":1,"featured_media":0,"parent":0,"menu_order":12,"comment_status":"closed","ping_status":"closed","template":"","meta":{"footnotes":""},"class_list":["post-5","page","type-page","status-publish","hentry"],"_links":{"self":[{"href":"https:\/\/www.tomliehr.de\/index.php?rest_route=\/wp\/v2\/pages\/5","targetHints":{"allow":["GET"]}}],"collection":[{"href":"https:\/\/www.tomliehr.de\/index.php?rest_route=\/wp\/v2\/pages"}],"about":[{"href":"https:\/\/www.tomliehr.de\/index.php?rest_route=\/wp\/v2\/types\/page"}],"author":[{"embeddable":true,"href":"https:\/\/www.tomliehr.de\/index.php?rest_route=\/wp\/v2\/users\/1"}],"replies":[{"embeddable":true,"href":"https:\/\/www.tomliehr.de\/index.php?rest_route=%2Fwp%2Fv2%2Fcomments&post=5"}],"version-history":[{"count":13,"href":"https:\/\/www.tomliehr.de\/index.php?rest_route=\/wp\/v2\/pages\/5\/revisions"}],"predecessor-version":[{"id":774,"href":"https:\/\/www.tomliehr.de\/index.php?rest_route=\/wp\/v2\/pages\/5\/revisions\/774"}],"wp:attachment":[{"href":"https:\/\/www.tomliehr.de\/index.php?rest_route=%2Fwp%2Fv2%2Fmedia&parent=5"}],"curies":[{"name":"wp","href":"https:\/\/api.w.org\/{rel}","templated":true}]}}