{"id":443,"date":"2018-05-15T13:26:48","date_gmt":"2018-05-15T11:26:48","guid":{"rendered":"http:\/\/www.tomliehr.de\/?page_id=443"},"modified":"2024-03-08T17:19:56","modified_gmt":"2024-03-08T15:19:56","slug":"datenschutzerklaerung","status":"publish","type":"page","link":"https:\/\/www.tomliehr.de\/?page_id=443","title":{"rendered":"Datenschutzerkl\u00e4rung"},"content":{"rendered":"<table id=\"layout\" border=\"0\" cellspacing=\"0\" cellpadding=\"0\">\n<tbody>\n<tr id=\"bodyrow\">\n<td id=\"middle\">\n<div id=\"post-42\" class=\"post post-42 page type-page status-publish hentry\">\n<div class=\"post-bodycopy clearfix\">\n<p><strong>Datenschutz<\/strong><\/p>\n<p>Liebe Besucher meiner Website,<\/p>\n<p>auf dieser Pr\u00e4sentation soll es darum gehen, dass Ihr Euch \u00fcber mich informieren k\u00f6nnt, und nicht umgekehrt. Eure Daten sind mir in diesem Zusammenhang nicht wichtig (als Leser meiner B\u00fccher seid Ihr es nat\u00fcrlich umso mehr!). Deshalb sammle ich Eure Daten auch nicht, und ich habe meines Wissens auch keine Systematiken installiert, die das f\u00fcr mich tun.<\/p>\n<p>Allerdings gibt es ein paar Prozesse, im Rahmen derer die Programme, mit denen diese Website und der Server, der sie bereitstellt, betrieben werden, Daten w\u00e4hrend Eures Besuchs erhalten und speichern, die jedoch im Normalfall (und vor allem von mir) nicht daf\u00fcr genutzt werden k\u00f6nnen, Euch und Euren Besuchsverlauf hier zu identifizieren. Dazu geh\u00f6rt zum Beispiel die IP-Adresse, die Euch bzw. das von Euch im Moment des Zugriffs auf meine Website f\u00fcr den Internetzugriff genutzte Ger\u00e4t kenntlichmachen, denn im Internet werden Daten zwischen IP-Adressen hin- und hergeschickt &#8211; das ist seine technische Grundlage. Eure IP (die Abk\u00fcrzung steht f\u00fcr \u00e2_zInternet Protocol&#8220;) ist aller Wahrscheinlichkeit nach dynamisch, also nicht eindeutig, weil sie jedes Mal oder wenigstens einmal am Tag wechselt, wenn Ihr einen der \u00fcblichen Internetzug\u00e4nge verwendet. Nur wer an die Protokolle Eures Serviceproviders (Telekom, Vodafone, 1&amp;1 usw.) kommt, was in juristischen Ermittlungssituationen geschehen kann, kann dadurch erfahren, ob Ihr (oder, genauer: das fragliche Ger\u00e4t) es wart, der (das) zu einem bestimmten Zeitpunkt (m)eine Website aufgesucht hat. Au\u00dferdem werden in diesem Zusammenhang &#8211; also w\u00e4hrend Eures Besuchs auf meiner Site &#8211; der Typ des verwendeten Browsers, die von Euch zuvor besuchte Website (wenn Ihr \u00fcber einen Link gekommen seid, zum Beispiel die Google-Suche) und Name und Versionsnummer des auf dem Computer, Tablet oder Telefon verwendeten Betriebssystems gespeichert. All diese Informationen werden von mir nicht ausgewertet, was auch keinen Sinn erg\u00e4be (es interessiert mich einfach nicht, wie viele meiner Leser mit Windows arbeiten). Nahezu jeder Server, der weltweit Websites hostet, macht das \u00fcbrigens so.<\/p>\n<p>Diese Website wurde mit WordPress erstellt, einem Content-Management-System, das sehr weit verbreitet ist. Diese Software ist f\u00fcr meine Website so angepasst, dass sie keine zus\u00e4tzlichen Daten sammelt und auch auf so genannte Cookies weitgehend verzichtet. Das sind kleine Textdateien (die Ihr Euch \u00fcbrigens ansehen k\u00f6nnt, wenn Ihr mit halbwegs aktuellen Browsern unterwegs seid), die auf Euren Computern erzeugt werden, um Euch bei der Wiederkehr zu identifizieren, allerdings weiterhin, ohne zu wissen, wer Ihr genau seid. Aber, wie erw\u00e4hnt &#8211; das mache ich nicht. Das hier ist keine Datensammelwebsite.<\/p>\n<p>Wenn Ihr allerdings Kommentare zu den Beitr\u00e4gen hier hinterlasst, werdet Ihr gebeten, dabei Eure Namen und Mailadressen anzugeben. Wenn Ihr diesen Aufforderungen folgt, werden Eure Namen bei den Kommentaren angezeigt und Eure Mailadressen nur f\u00fcr mich sichtbar. Da ich sowieso jeden einzelnen Kommentar manuell freischalte, also mir erlaube, rechtlich fragw\u00fcrdige, anr\u00fcchige oder allzu b\u00f6se Kommentare durchs Rost fallen zu lassen, k\u00f6nnt Ihr dort auch Phantasienamen und -mailadressen angeben. Falls Ihr Eure echten Namen und Adressen nennt, werden diese jedenfalls gespeichert, aber nicht verwendet. Wenn Ihr m\u00f6chtet, dass die Eintr\u00e4ge wieder gel\u00f6scht werden, schreibt mir einfach eine Mail (siehe Kontaktdaten im Impressum), aus der glaubhaft hervorgeht, dass Ihr den fraglichen Eintrag tats\u00e4chlich verfasst habt.<\/p>\n<p>Wenn Ihr mir \u00fcber diese Website oder \u00fcber die hier verf\u00fcgbare Mailadresse schreibt, dann wei\u00df ich nat\u00fcrlich auch das, was Ihr in diesen Mails \u00fcber Euch verratet. Ich gehe mit diesen Informationen sehr pfleglich um und gebe sie nicht weiter. Niemand kann von mir verlangen, dass ich hinrei\u00dfende Leserbriefe l\u00f6sche, also geschieht das auch nicht. Ich gebe sie aber nat\u00fcrlich auch nicht weiter.<\/p>\n<p>Diese Website enth\u00e4lt auch keine versteckten Facebook-Pixel oder \u00e4hnlichen Unsinn. Ihr k\u00f6nnt meine Facebook-Site und meinen (stark vernachl\u00e4ssigten) Twitter-Account aber \u00fcber die Links in der Navigationsleiste erreichen, ohne dass auf diesem Weg irgendein unerw\u00fcnschter Prozess ausgel\u00f6st wird.<\/p>\n<p>Wenn Ihr auf die Abbildungen der Buchcover klickt, gelangt Ihr nicht, wie Ihr m\u00f6glicherweise erwarten w\u00fcrdet, zu Amazon, sondern zum \u00e2_zAutorenwelt-Shop&#8220;. Das ist ein liebensw\u00fcrdiger Online-Buchh\u00e4ndler mit ganz besonderen Konditionen, bei dem die B\u00fccher zwar exakt genauso viel oder wenig kosten, wie bei allen anderen (weil es in Deutschland die so genannte \u00e2_zBuchpreisbindung&#8220; gibt), bei dem die Autoren aber einen zus\u00e4tzlichen Rabatt ausgezahlt bekommen, wenn deren B\u00fccher dort bestellt werden. Aber auch wenn Ihr das macht, was ich nat\u00fcrlich sehr begr\u00fc\u00dfen w\u00fcrde, erfahre ich nicht, wer dort wann und auf welchem Weg hingelangt ist und welches Buch bestellt hat. Ihr bleibt f\u00fcr mich auch in diesem Fall weiter anonym.<\/p>\n<p>Diese Erkl\u00e4rung habe ich verfasst, weil aufgrund der EU-Datenschutz-Grundverordnung und der damit einhergehenden Novelle des Bundesdatenschutzgesetzes alle Betreiber von Websites solche Erkl\u00e4rungen vorhalten m\u00fcssen. Das ist auch sehr sinnvoll, weil im Internet zu nachl\u00e4ssig mit Daten und dem Datenschutz umgegangen wurde und wird. Viele Dienste, die kostenlos zu sein scheinen, sind es nicht wirklich, weil sie von den Informationen leben, die Ihr dort hinterlasst &#8211; und die verwendet werden k\u00f6nnen, um Euch zu analysieren, einzusch\u00e4tzen, Prognosen \u00fcber Euch abzugeben und Euch zu beeinflussen. Das geschieht nicht notwendigerweise mit b\u00f6ser Absicht, sondern um mit Euch und Euren Daten Geld zu verdienen. Es geschieht jedoch meistens definitiv nicht direkt in Eurem Interesse. Seid deshalb vorsichtig im Netz, klickt nicht alles einfach an und lasst wenigstens manchmal die Vernunft \u00fcber die Bequemlichkeit siegen. Denn auch wenn Transparenz und Datenschutz neu geregelt wurden, bleiben die meisten Mechanismen erhalten, die mit den nun hochoffiziell eingesammelten Daten zuweilen ziemlich krasses Zeug veranstalten.<\/p>\n<\/div>\n<\/div>\n<\/td>\n<\/tr>\n<\/tbody>\n<\/table>\n","protected":false},"excerpt":{"rendered":"<p>Datenschutz Liebe Besucher meiner Website, auf dieser Pr\u00e4sentation soll es darum gehen, dass Ihr Euch \u00fcber mich informieren k\u00f6nnt, und nicht umgekehrt. Eure Daten sind mir in diesem Zusammenhang nicht wichtig (als Leser meiner B\u00fccher seid Ihr es nat\u00fcrlich umso mehr!). Deshalb sammle ich Eure Daten auch nicht, und ich habe meines Wissens auch keine &hellip; <a href=\"https:\/\/www.tomliehr.de\/?page_id=443\" class=\"more-link\"><span class=\"screen-reader-text\">Datenschutzerkl\u00e4rung<\/span> weiterlesen <span class=\"meta-nav\">&rarr;<\/span><\/a><\/p>\n","protected":false},"author":1,"featured_media":0,"parent":0,"menu_order":18,"comment_status":"closed","ping_status":"closed","template":"","meta":{"footnotes":""},"class_list":["post-443","page","type-page","status-publish","hentry"],"_links":{"self":[{"href":"https:\/\/www.tomliehr.de\/index.php?rest_route=\/wp\/v2\/pages\/443","targetHints":{"allow":["GET"]}}],"collection":[{"href":"https:\/\/www.tomliehr.de\/index.php?rest_route=\/wp\/v2\/pages"}],"about":[{"href":"https:\/\/www.tomliehr.de\/index.php?rest_route=\/wp\/v2\/types\/page"}],"author":[{"embeddable":true,"href":"https:\/\/www.tomliehr.de\/index.php?rest_route=\/wp\/v2\/users\/1"}],"replies":[{"embeddable":true,"href":"https:\/\/www.tomliehr.de\/index.php?rest_route=%2Fwp%2Fv2%2Fcomments&post=443"}],"version-history":[{"count":8,"href":"https:\/\/www.tomliehr.de\/index.php?rest_route=\/wp\/v2\/pages\/443\/revisions"}],"predecessor-version":[{"id":791,"href":"https:\/\/www.tomliehr.de\/index.php?rest_route=\/wp\/v2\/pages\/443\/revisions\/791"}],"wp:attachment":[{"href":"https:\/\/www.tomliehr.de\/index.php?rest_route=%2Fwp%2Fv2%2Fmedia&parent=443"}],"curies":[{"name":"wp","href":"https:\/\/api.w.org\/{rel}","templated":true}]}}