{"id":42,"date":"2010-10-20T12:12:31","date_gmt":"2010-10-20T10:12:31","guid":{"rendered":"http:\/\/www.tomliehr.de\/blog\/?page_id=42"},"modified":"2024-12-13T15:25:57","modified_gmt":"2024-12-13T13:25:57","slug":"impressum","status":"publish","type":"page","link":"https:\/\/www.tomliehr.de\/?page_id=42","title":{"rendered":"Impressum &#038; Kontakt"},"content":{"rendered":"<p>\u00a9 und gem\u00e4\u00df \u00a7 55 (2) RStV\/\u00a7 5 f TMG verantwortlich f\u00fcr den Inhalt (ja, und &#8211; leider &#8211; auch f\u00fcr die Gestaltung ):<\/p>\n<p>Tom Liehr, freiberuflicher Schriftsteller<br \/>\n<a href=\"mailto:post@tomliehr.de\">post@tomliehr.de<\/a><\/p>\n<p><strong>Agentur und ladungsf\u00e4hige Anschrift:<\/strong><br \/>\nLiterarische Agentur Conny Heindl<br \/>\nHauptstra\u00dfe 6<br \/>\n86356 Neus\u00e4\u00df<br \/>\nTel.: 0821-45309527<br \/>\n<a href=\"mailto:ch@agentur-heindl.com\">ch@agentur-heindl.com<\/a><\/p>\n<p><strong>Lesungsanfragen:<\/strong><br \/>\nBitte \u00fcber das <a href=\"https:\/\/www.aufbau-verlage.de\/kontakt\" target=\"_blank\" rel=\"noopener\">Kontaktformular beim Aufbau-Verlag<\/a> (und darin als Betreff &#8222;Anfrage zu Lesungen&#8220; w\u00e4hlen)<\/p>\n<p><strong>Signiertes Buch gew\u00fcnscht?<\/strong><br \/>\nWer ein Buch mit Widmung und\/oder Signatur von mir m\u00f6chte, kann das (unter Angabe <a href=\"https:\/\/www.tomliehr.de\/blog\/wp-content\/uploads\/2020\/10\/signed-rotated.jpg\"><img loading=\"lazy\" decoding=\"async\" class=\"alignright wp-image-587 size-medium\" src=\"https:\/\/www.tomliehr.de\/blog\/wp-content\/uploads\/2020\/10\/signed-rotated-e1603798136850-300x225.jpg\" alt=\"\" width=\"300\" height=\"225\" srcset=\"https:\/\/www.tomliehr.de\/blog\/wp-content\/uploads\/2020\/10\/signed-rotated-e1603798136850-300x225.jpg 300w, https:\/\/www.tomliehr.de\/blog\/wp-content\/uploads\/2020\/10\/signed-rotated-e1603798136850-1024x768.jpg 1024w, https:\/\/www.tomliehr.de\/blog\/wp-content\/uploads\/2020\/10\/signed-rotated-e1603798136850-768x576.jpg 768w, https:\/\/www.tomliehr.de\/blog\/wp-content\/uploads\/2020\/10\/signed-rotated-e1603798136850-1536x1152.jpg 1536w, https:\/\/www.tomliehr.de\/blog\/wp-content\/uploads\/2020\/10\/signed-rotated-e1603798136850.jpg 2016w\" sizes=\"auto, (max-width: 300px) 100vw, 300px\" \/><\/a>von Adresse und Signaturwunsch) bei der &#8222;Buchhandlung Holzapfel&#8220; in Berlin-Zehlendorf bestellen und nach erfolgter Signatur entweder abholen oder sich (zzgl. Versandkosten) zuschicken lassen. Bitte nur \u00fcber das Kontaktformular, per Mail oder notfalls telefonisch:\u00a0 <a href=\"https:\/\/buchhandlungholzapfel.de\/kontakt\/\" target=\"_blank\" rel=\"noopener noreferrer\">Buchhandlung Holzapfel<\/a><\/p>\n<p>F\u00fcr alle Links wird die volle Verantwortung \u00fcbernommen.<\/p>\n<p>&nbsp;<\/p>\n","protected":false},"excerpt":{"rendered":"<p>\u00a9 und gem\u00e4\u00df \u00a7 55 (2) RStV\/\u00a7 5 f TMG verantwortlich f\u00fcr den Inhalt (ja, und &#8211; leider &#8211; auch f\u00fcr die Gestaltung ): Tom Liehr, freiberuflicher Schriftsteller post@tomliehr.de Agentur und ladungsf\u00e4hige Anschrift: Literarische Agentur Conny Heindl Hauptstra\u00dfe 6 86356 Neus\u00e4\u00df Tel.: 0821-45309527 ch@agentur-heindl.com Lesungsanfragen: Bitte \u00fcber das Kontaktformular beim Aufbau-Verlag (und darin als Betreff &hellip; <a href=\"https:\/\/www.tomliehr.de\/?page_id=42\" class=\"more-link\"><span class=\"screen-reader-text\">Impressum &#038; Kontakt<\/span> weiterlesen <span class=\"meta-nav\">&rarr;<\/span><\/a><\/p>\n","protected":false},"author":1,"featured_media":0,"parent":0,"menu_order":17,"comment_status":"closed","ping_status":"closed","template":"","meta":{"footnotes":""},"class_list":["post-42","page","type-page","status-publish","hentry"],"_links":{"self":[{"href":"https:\/\/www.tomliehr.de\/index.php?rest_route=\/wp\/v2\/pages\/42","targetHints":{"allow":["GET"]}}],"collection":[{"href":"https:\/\/www.tomliehr.de\/index.php?rest_route=\/wp\/v2\/pages"}],"about":[{"href":"https:\/\/www.tomliehr.de\/index.php?rest_route=\/wp\/v2\/types\/page"}],"author":[{"embeddable":true,"href":"https:\/\/www.tomliehr.de\/index.php?rest_route=\/wp\/v2\/users\/1"}],"replies":[{"embeddable":true,"href":"https:\/\/www.tomliehr.de\/index.php?rest_route=%2Fwp%2Fv2%2Fcomments&post=42"}],"version-history":[{"count":24,"href":"https:\/\/www.tomliehr.de\/index.php?rest_route=\/wp\/v2\/pages\/42\/revisions"}],"predecessor-version":[{"id":942,"href":"https:\/\/www.tomliehr.de\/index.php?rest_route=\/wp\/v2\/pages\/42\/revisions\/942"}],"wp:attachment":[{"href":"https:\/\/www.tomliehr.de\/index.php?rest_route=%2Fwp%2Fv2%2Fmedia&parent=42"}],"curies":[{"name":"wp","href":"https:\/\/api.w.org\/{rel}","templated":true}]}}