{"id":22,"date":"2010-10-20T10:18:35","date_gmt":"2010-10-20T08:18:35","guid":{"rendered":"http:\/\/www.tomliehr.de\/blog\/?page_id=22"},"modified":"2024-03-08T17:38:55","modified_gmt":"2024-03-08T15:38:55","slug":"pauschaltourist-2","status":"publish","type":"page","link":"https:\/\/www.tomliehr.de\/?page_id=22","title":{"rendered":"Pauschaltourist"},"content":{"rendered":"<ul>\n<li><a title=\"Zum Verlag\" href=\"http:\/\/www.aufbau-verlag.de\/\" target=\"_blank\" rel=\"noopener noreferrer\">Aufbau-Verlag<\/a><\/li>\n<li>Erstver\u00f6ffentlichung: Oktober 2009<\/li>\n<li>H\u00f6rbuch bei &#8222;Fine Voices&#8220; gelesen von Jona Mues<\/li>\n<li>Auflage: 5<a title=\"Bestellen bei Amazon\" href=\"https:\/\/shop.autorenwelt.de\/products\/pauschaltourist-von-tom-liehr?variant=51786452870\" target=\"_blank\" rel=\"noopener noreferrer\"><img loading=\"lazy\" decoding=\"async\" class=\"alignright\" src=\"http:\/\/www.tomliehr.de\/pt_cover.jpg\" alt=\"Pauschaltourist (Cover)\" width=\"241\" height=\"399\" \/><\/a><\/li>\n<\/ul>\n<p>Aus einer w\u00e4hrend eines bierseligen Kneipengespr\u00e4chs ge\u00e4u\u00dferten Idee meines Lektors wurde mein f\u00fcnfter und bisher erfolgreichster Roman.<\/p>\n<p><em>Als Nikolas in der Redaktionssitzung vorschl\u00e4gt, sich doch mal n\u00e4her mit dem Thema Pauschaltourismus zu befassen, wird er vom Chefredakteur des Reisemagazins zu einer sechsw\u00f6chigen Last-Minute-Reise in die Bettenburgen des Grauens verdonnert &#8211; zusammen mit der ungeliebten und unter extremer Flugangst leidenden Kollegin Nina aus dem Ressort Weltreisen. Auf ihrer Tour de Force durch die einschl\u00e4gigen Touristenbunker begegnen sie abgehalfterten Entertainern, den orts\u00fcblichen Ganoven und vielen einsamen Herzen<\/em><em>. Und recht bald werden die beiden das komische Gef\u00fchl nicht mehr los, Teil eines abgekarteten Spiels zu sein &#8230;<br \/>\nEin herrlich komischer Roman \u00fcber unerf\u00fcllte Tr\u00e4ume, Liebe, Heimat und die vermeintlich sch\u00f6nste Zeit des Jahres.<\/em><\/p>\n<p><em>(Text der Buchhandelsbrosch\u00fcre)<\/em><\/p>\n<p><strong>Der Trailer zum Buch:<\/strong><em><br \/>\n<\/em><\/p>\n<p><object width=\"640\" height=\"390\" classid=\"clsid:d27cdb6e-ae6d-11cf-96b8-444553540000\" codebase=\"http:\/\/download.macromedia.com\/pub\/shockwave\/cabs\/flash\/swflash.cab#version=6,0,40,0\"><param name=\"allowFullScreen\" value=\"true\" \/><param name=\"allowScriptAccess\" value=\"always\" \/><param name=\"src\" value=\"http:\/\/www.youtube.com\/v\/0mLC5P64fd8&amp;hl=de_DE&amp;feature=player_embedded&amp;version=3\" \/><param name=\"allowfullscreen\" value=\"true\" \/><embed type=\"application\/x-shockwave-flash\" src=\"http:\/\/www.youtube.com\/v\/0mLC5P64fd8&amp;hl=de_DE&amp;feature=player_embedded&amp;version=3\" allowscriptaccess=\"always\" allowfullscreen=\"allowfullscreen\" width=\"640\" height=\"390\" \/><\/object><\/p>\n<p>Und die wirklich sehenswerte <a title=\"Pauschaltourist - die Site zum Buch\" href=\"http:\/\/www.pauschaltourist.com\" target=\"_blank\" rel=\"noopener noreferrer\">Website zum Roman<\/a>:<\/p>\n<p><a href=\"http:\/\/www.pauschaltourist.com\"><img loading=\"lazy\" decoding=\"async\" class=\"alignnone\" title=\"Pauschaltourist - die Site\" src=\"http:\/\/www.tomliehr.de\/images\/ptsite.jpg\" alt=\"\" width=\"119\" height=\"78\" \/><\/a><\/p>\n<h2><strong>Presseresonanz:<\/strong><\/h2>\n<p><em><strong>&#8222;Liehr hat ein untr\u00fcgliches Gesp\u00fcr f\u00fcr skurrile Charaktere und treffende Situationskomik.&#8220;<br \/>\n<\/strong>Westf\u00e4lische Nachrichten, 9.9.2010<\/em><\/p>\n<p><em><strong>&#8222;Dank der Treffsicherheit des Autors in seiner runden und kurzweiligen Geschichte, gespickt mit skurriler und schmerzhaft wahrer Situationskomik, kr\u00fcmmt sich sogar der treueste Pauschaltourist samt Sonnenhut und Adidas-Badelatschen vor lachen.&#8220;<br \/>\n<\/strong>Welcome Home!, 06\/2010<\/em><\/p>\n<p><em><strong>&#8222;Lustig!&#8220;<br \/>\n<\/strong>M\u00e4rkische Allgemeine, 20.5.2010<\/em><\/p>\n<p><em><strong>&#8222;Entspannende Unterhaltung. &#8220;<br \/>\n<\/strong>Ruhr-Nachrichten, 9.4.2010<\/em><\/p>\n<p><em><strong>&#8222;Als Urlaubsvorbereitung genau richtig.&#8220;<br \/>\n<\/strong>M\u00e4rkischer Markt, 13.5.2010<\/em><\/p>\n<p><em><strong>&#8222;Das lebt in jeder Zeile, ist witzig und spritzig. Ein im besten Sinne gut unterhaltendes Buch.&#8220;<br \/>\n<\/strong><a href=\"http:\/\/www.antennebrandenburg.de\/service\/buchtipps\/archiv\/pauschaltourist.html\" target=\"_blank\" rel=\"noopener noreferrer\">Antenne Brandenburg <\/a>, 19.11.2009<\/em><\/p>\n<p><em><strong>&#8222;Nach diesem Buch d\u00fcrfte einem der eigene Urlaub nur noch halb so schlimm vorkommen.&#8220;<br \/>\n<\/strong><a href=\"http:\/\/www.indigowolfsburg.de\/kulturklub\/drucksache\/?hnr=204&amp;tx_mfarticle_pi1%5BshowUid%5D=492&amp;cHash=99dd67f729&amp;hnr=181\" target=\"_blank\" rel=\"noopener noreferrer\">Indigo Wolfsburg<\/a>, 01\/2010<\/em><\/p>\n<p><strong><em><strong>&#8222;Gefangen zwischen Liegen, die mit Handt\u00fcchern reserviert werden, wild feiernden Jugendlichen und schlechten Fr\u00fchst\u00fccksbuffets, schafft es Autor Tom Liehr einen zum Lachen zu bringen und man murmelt immer wieder vor sich hin: &#8222;Ja, das kenne ich!&#8220; Ein am\u00fcsantes Buch &#8211; nicht nur f\u00fcr den Strand, sondern auch f\u00fcr die Zeit davor.&#8220;<br \/>\n<\/strong><a href=\"http:\/\/www.dasding.de\/#http:\/\/www.dasding.de\/buchtipps\/Pauschaltourist\/-\/id=205100\/vv=content\/cf=42\/nid=205100\/did=246176\/e3fn8w\/index.html\" target=\"_blank\" rel=\"noopener noreferrer\">DasDing\/SWR<\/a><\/em><\/strong><em>,<\/em> <em>14.1.2010<\/em><\/p>\n<p><em><strong>&#8222;Doch wie immer in Liehrs B\u00fccher sind es vor allem die Menschen, die das Buch lebendig werden lassen. B\u00f6se, ironisch, mit Blick auf die Schw\u00e4chen skizziert er sie und doch nimmt er sie ernst.&#8220;<br \/>\n<\/strong><a href=\"http:\/\/www.literatur-fast-pur.de\/HP\/3pauschaltourist.html\" target=\"_blank\" rel=\"noopener noreferrer\">literatur-fast-pur.de<\/a>, 11\/2009<\/em><\/p>\n<p><strong><em>&#8222;Wenn man einmal angefangen hat, kann man es kaum aus der Hand legen. Es macht einen Heidenspa\u00df.&#8220;<br \/>\n<\/em><\/strong><em><a href=\"http:\/\/buch.germanblogs.de\/archive\/2009\/12\/19\/tom-liehr-pauschaltourist.htm\" target=\"_blank\" rel=\"noopener noreferrer\">buch blog<\/a>, 19.12.2009<\/em><\/p>\n<p><strong><em>&#8222;Sehr unterhaltsam!.&#8220;<br \/>\n<\/em><\/strong><em><a href=\"http:\/\/www.die-mark-online.de\/freistilrezisstart\/00_20091130161500_Zwang_zum_Urlaub___all_inclusive.html\" target=\"_blank\" rel=\"noopener noreferrer\">Die Mark <\/a>, 4.12.2009<\/em><\/p>\n<p><em><strong>&#8222;Extrem witzig geschrieben!&#8220;<br \/>\n<\/strong>Joy Magazin, 12\/2009<\/em><\/p>\n","protected":false},"excerpt":{"rendered":"<p>Aufbau-Verlag Erstver\u00f6ffentlichung: Oktober 2009 H\u00f6rbuch bei &#8222;Fine Voices&#8220; gelesen von Jona Mues Auflage: 5 Aus einer w\u00e4hrend eines bierseligen Kneipengespr\u00e4chs ge\u00e4u\u00dferten Idee meines Lektors wurde mein f\u00fcnfter und bisher erfolgreichster Roman. Als Nikolas in der Redaktionssitzung vorschl\u00e4gt, sich doch mal n\u00e4her mit dem Thema Pauschaltourismus zu befassen, wird er vom Chefredakteur des Reisemagazins zu einer &hellip; <a href=\"https:\/\/www.tomliehr.de\/?page_id=22\" class=\"more-link\"><span class=\"screen-reader-text\">Pauschaltourist<\/span> weiterlesen <span class=\"meta-nav\">&rarr;<\/span><\/a><\/p>\n","protected":false},"author":1,"featured_media":0,"parent":0,"menu_order":8,"comment_status":"closed","ping_status":"closed","template":"","meta":{"footnotes":""},"class_list":["post-22","page","type-page","status-publish","hentry"],"_links":{"self":[{"href":"https:\/\/www.tomliehr.de\/index.php?rest_route=\/wp\/v2\/pages\/22","targetHints":{"allow":["GET"]}}],"collection":[{"href":"https:\/\/www.tomliehr.de\/index.php?rest_route=\/wp\/v2\/pages"}],"about":[{"href":"https:\/\/www.tomliehr.de\/index.php?rest_route=\/wp\/v2\/types\/page"}],"author":[{"embeddable":true,"href":"https:\/\/www.tomliehr.de\/index.php?rest_route=\/wp\/v2\/users\/1"}],"replies":[{"embeddable":true,"href":"https:\/\/www.tomliehr.de\/index.php?rest_route=%2Fwp%2Fv2%2Fcomments&post=22"}],"version-history":[{"count":17,"href":"https:\/\/www.tomliehr.de\/index.php?rest_route=\/wp\/v2\/pages\/22\/revisions"}],"predecessor-version":[{"id":880,"href":"https:\/\/www.tomliehr.de\/index.php?rest_route=\/wp\/v2\/pages\/22\/revisions\/880"}],"wp:attachment":[{"href":"https:\/\/www.tomliehr.de\/index.php?rest_route=%2Fwp%2Fv2%2Fmedia&parent=22"}],"curies":[{"name":"wp","href":"https:\/\/api.w.org\/{rel}","templated":true}]}}