{"id":18,"date":"2010-10-20T10:17:40","date_gmt":"2010-10-20T08:17:40","guid":{"rendered":"http:\/\/www.tomliehr.de\/blog\/?page_id=18"},"modified":"2024-03-08T17:17:35","modified_gmt":"2024-03-08T15:17:35","slug":"stellungswechsel","status":"publish","type":"page","link":"https:\/\/www.tomliehr.de\/?page_id=18","title":{"rendered":"Stellungswechsel"},"content":{"rendered":"<p><a title=\"Bestellen bei Amazon\" href=\"https:\/\/shop.autorenwelt.de\/products\/stellungswechsel-von-tom-liehr?variant=51753782662\" target=\"_blank\" rel=\"noopener noreferrer\"><img loading=\"lazy\" decoding=\"async\" class=\"alignright\" src=\"http:\/\/www.tomliehr.de\/swneu.jpg\" alt=\"Stellungswechsel (aktuelles Cover)\" width=\"241\" height=\"397\" \/><\/a><\/p>\n<ul>\n<li><a title=\"Zum Verlag\" href=\"http:\/\/www.aufbau-verlag.de\/\" target=\"_blank\" rel=\"noopener noreferrer\">Aufbau-Verlag<\/a><\/li>\n<li>Nach einem Drehbuch von Maggie Peren und Christian Bayer<\/li>\n<li>Erstver\u00f6ffentlichung: Oktober 2007<\/li>\n<li>Wiederver\u00f6ffentlichung: Herbst 2008<\/li>\n<li>Auflage: 3<\/li>\n<\/ul>\n<p>Meine erste und bisher einzige Filmadaption (man nennt das auch &#8222;Tie-In&#8220;). Der Film &#8222;Stellungswechsel&#8220; in der Regie von Maggie Peren kam im Oktober 2007 in die deutschen Kinos und wurde von 500.000 Zuschauern gesehen. Das Buch zum Film erschien zeitgleich &#8211; mit dem Filmplakat als Cover. Da die Nachfrage auch sp\u00e4ter nicht nachlie\u00df, hat der Verlag weitere Auflagen produziert, allerdings mit einem anderen Cover.<\/p>\n<p><em>F\u00fcnf Freunde am Rande des Scheiterns. Das Leben ist hart, das Geld ist knapp und die Sache mit dem anderen Geschlecht &#8211; nun ja. Nur ein genialer Plan kann jetzt noch helfen: Die M\u00e4nner gr\u00fcnden einen Escort-Service f\u00fcr Frauen. Fortan k\u00e4mpfen sie mit fiesen Finanzbeamtinnen, anspruchsvollen Karrierefrauen, gnadenlosen Fitnesstrainern und Problemzonen aller Art. Vor allem aber mit der Frage: Wann ist ein Mann ein Mann?<\/em><\/p>\n<p><em>(Text der Buchhandelsbrosch\u00fcre)<\/em><\/p>\n<p><img decoding=\"async\" src=\"http:\/\/www.tomliehr.de\/sw_cover.jpg\" alt=\"Stellungswechsel (Cover mit Filmplakat)\" \/><\/p>\n<h2><strong><strong>Presseresonanz:<\/strong><\/strong><\/h2>\n<p><em><strong>&#8222;Stellungswechsel&#8220; ist witzig und tragikomisch zugleich und sehr bildhaft geschrieben. Es liest sich so flott weg, dass man&#8217;s locker in der U-Bahn auf dem Weg ins Kino schafft!&#8220;<br \/>\n<\/strong><a href=\"http:\/\/www.fritz.de\/fritz_info\/buecher\/2007\/10\/tom_liehr_stellungswechsel.html\" target=\"_blank\" rel=\"noopener noreferrer\">Radio FRITZ\/RBB<\/a>, 3.10.2007<\/em><\/p>\n","protected":false},"excerpt":{"rendered":"<p>Aufbau-Verlag Nach einem Drehbuch von Maggie Peren und Christian Bayer Erstver\u00f6ffentlichung: Oktober 2007 Wiederver\u00f6ffentlichung: Herbst 2008 Auflage: 3 Meine erste und bisher einzige Filmadaption (man nennt das auch &#8222;Tie-In&#8220;). Der Film &#8222;Stellungswechsel&#8220; in der Regie von Maggie Peren kam im Oktober 2007 in die deutschen Kinos und wurde von 500.000 Zuschauern gesehen. Das Buch zum &hellip; <a href=\"https:\/\/www.tomliehr.de\/?page_id=18\" class=\"more-link\"><span class=\"screen-reader-text\">Stellungswechsel<\/span> weiterlesen <span class=\"meta-nav\">&rarr;<\/span><\/a><\/p>\n","protected":false},"author":1,"featured_media":0,"parent":0,"menu_order":10,"comment_status":"closed","ping_status":"closed","template":"","meta":{"footnotes":""},"class_list":["post-18","page","type-page","status-publish","hentry"],"_links":{"self":[{"href":"https:\/\/www.tomliehr.de\/index.php?rest_route=\/wp\/v2\/pages\/18","targetHints":{"allow":["GET"]}}],"collection":[{"href":"https:\/\/www.tomliehr.de\/index.php?rest_route=\/wp\/v2\/pages"}],"about":[{"href":"https:\/\/www.tomliehr.de\/index.php?rest_route=\/wp\/v2\/types\/page"}],"author":[{"embeddable":true,"href":"https:\/\/www.tomliehr.de\/index.php?rest_route=\/wp\/v2\/users\/1"}],"replies":[{"embeddable":true,"href":"https:\/\/www.tomliehr.de\/index.php?rest_route=%2Fwp%2Fv2%2Fcomments&post=18"}],"version-history":[{"count":9,"href":"https:\/\/www.tomliehr.de\/index.php?rest_route=\/wp\/v2\/pages\/18\/revisions"}],"predecessor-version":[{"id":775,"href":"https:\/\/www.tomliehr.de\/index.php?rest_route=\/wp\/v2\/pages\/18\/revisions\/775"}],"wp:attachment":[{"href":"https:\/\/www.tomliehr.de\/index.php?rest_route=%2Fwp%2Fv2%2Fmedia&parent=18"}],"curies":[{"name":"wp","href":"https:\/\/api.w.org\/{rel}","templated":true}]}}