{"id":16,"date":"2010-10-20T10:17:09","date_gmt":"2010-10-20T08:17:09","guid":{"rendered":"http:\/\/www.tomliehr.de\/blog\/?page_id=16"},"modified":"2024-03-08T17:41:39","modified_gmt":"2024-03-08T15:41:39","slug":"idiotentest","status":"publish","type":"page","link":"https:\/\/www.tomliehr.de\/?page_id=16","title":{"rendered":"Idiotentest"},"content":{"rendered":"<ul>\n<li><a title=\"Zum Verlag\" href=\"http:\/\/www.aufbau-verlag.de\" target=\"_blank\" rel=\"noopener noreferrer\">Aufbau-Verlag<\/a><\/li>\n<li>Erstver\u00f6ffentlichung: Oktober 2005<a title=\"Bestellen bei Amazon\" href=\"https:\/\/shop.autorenwelt.de\/products\/idiotentest-von-tom-liehr?variant=51649722886\" target=\"_blank\" rel=\"noopener noreferrer\"><img loading=\"lazy\" decoding=\"async\" class=\"alignright\" src=\"http:\/\/www.tomliehr.de\/it_cover_klein2.jpg\" alt=\"Idiotentest\" width=\"241\" height=\"399\" \/><\/a><\/li>\n<li>Auflage: 5<\/li>\n<li>Seit Okt. 2021 als <a href=\"https:\/\/finevoices.de\/hoerbuecher\/22172\" target=\"_blank\" rel=\"noopener\">H\u00f6rbuch<\/a> verf\u00fcgbar, hinrei\u00dfend gelesen von Jona Mues.<br \/>\nAchtung: Bei Spotify, Deezer, iTunes, Thalia usw. erh\u00e4ltlich, aber <em>nicht<\/em> bei Audible!<\/li>\n<li>Mein bislang einziges Buch, zu dem es Sekund\u00e4rliteratur gibt (s.u.)<\/li>\n<\/ul>\n<p>Der zweite Roman war die \u00fcberarbeitete Fassung eines \u00e4lteren Manuskripts, das ich bereits in den Neunzigern (AT: &#8222;Am Leben bleiben&#8220;) verfasst hatte. Allerdings hat &#8222;Idiotentest&#8220; mit dieser vorigen Fassung nicht mehr viel zu tun.<\/p>\n<p><em>Henry f\u00e4hrt Taxi und wohnt in einer WG mit dem Musikjournalisten Walter und dem Computerfrickler Gonzo. Der Mittelpunkt des Lebens ist eine behagliche Gardinenkneipe im Erdgescho\u00df ihres Neuk\u00f6llner Hauses. Hier trifft sich allabendlich eine Handvoll skurriler Typen, die bei alten Hits und Fa\u00dfbier vom Leben tr\u00e4umen.<\/em><\/p>\n<p><em>Ein rasend komischer Roman \u00fcber die Liebe, das Erwachsenwerden und die Freundschaft.<\/em><\/p>\n<p><em>(Text der Buchhandelsbrosch\u00fcre)<\/em><\/p>\n<p>&#8222;Idiotentest&#8220; war Gegenstand der Dissertation von Vanessa Geuen, die u.a. meinen Roman, aber auch die B\u00fccher von Katinka Buddenkotte, J. R. Moehringer, Daniel Juhr u.a. auf die Bedeutung der Kneipe als Ersatzheimat in der Gegenwartsliteratur untersucht hat. Den Text gibt es mit dem Titel &#8222;Kneipen, Bars und Clubs&#8220; im gepflegten Buchhandel.<br \/>\n<a href=\"https:\/\/www.tomliehr.de\/blog\/wp-content\/uploads\/2021\/11\/disse.jpg\"><img loading=\"lazy\" decoding=\"async\" class=\"size-medium wp-image-640 aligncenter\" src=\"https:\/\/www.tomliehr.de\/blog\/wp-content\/uploads\/2021\/11\/disse-193x300.jpg\" alt=\"\" width=\"193\" height=\"300\" srcset=\"https:\/\/www.tomliehr.de\/blog\/wp-content\/uploads\/2021\/11\/disse-193x300.jpg 193w, https:\/\/www.tomliehr.de\/blog\/wp-content\/uploads\/2021\/11\/disse.jpg 321w\" sizes=\"auto, (max-width: 193px) 100vw, 193px\" \/><\/a><\/p>\n<h2><strong>Presseresonanz:<\/strong><\/h2>\n<p><em><strong>\u00e2\u20ac\u0153Weit weg von cooler Ich-Bespiegelung oder von literarischer Unverbindlichkeit wird hier gekonnt eine Geschichte erz\u00c3\u00a4hlt, die Hornby durchaus gleichwertig ist. Unbedingt empfehlenswert.\u00e2\u20ac\u009d<br \/>\n<\/strong><a href=\"http:\/\/www.literatur-fast-pur.de\/HP\/3idiotentest.html\" target=\"_blank\" rel=\"noopener noreferrer\">literatur-fast-pur.de<\/a>, 10.9.2005<\/em><\/p>\n<p><em><strong>\u00e2\u20ac\u0153Unterhaltsam und witzig erz\u00c3\u00a4hlt Tom Liehr \u00c3\u00bcber das Leben jenseits der 30, \u00c3\u00bcber die Irrwege des Lebens, Freundschaft und Liebe. Ein St\u00c3\u00bcck Popliteratur, das sich durchaus mit den Vorreitern des Genres messen lassen kann.\u00e2\u20ac\u009d<br \/>\n<\/strong>Joy Magazin, 11\/2005<\/em><\/p>\n<p><strong><em>\u00e2\u20ac\u0153Eine unversch\u00c3\u00a4mt freche Geschichte \u00c3\u00bcber das sp\u00c3\u00a4te Erwachsenwerden.\u00e2\u20ac\u009d<\/em><\/strong><br \/>\n<em>Subway, 12\/2005<\/em><\/p>\n<p><strong><em>\u00e2\u20ac\u0153Ein fantastischer Roman, der nicht nur erquickend und \u00c3\u00a4u\u00c3\u0178erst humorvoll geschrieben ist, sondern zugleich das chaotische Leben einer Berliner Wohn- und Trinkgemeinschaft wiederspiegelt, dessen Sinn des Lebens noch immer als offene Frage im Raum steht.\u00e2\u20ac\u009d<\/em><\/strong><br \/>\n<em><a href=\"http:\/\/www.literaturreport.com\/index.php?module=_1&amp;artikel=57\" target=\"_blank\" rel=\"noopener noreferrer\">Literaturreport.com<\/a>, 12\/2005<\/em><\/p>\n","protected":false},"excerpt":{"rendered":"<p>Aufbau-Verlag Erstver\u00f6ffentlichung: Oktober 2005 Auflage: 5 Seit Okt. 2021 als H\u00f6rbuch verf\u00fcgbar, hinrei\u00dfend gelesen von Jona Mues. Achtung: Bei Spotify, Deezer, iTunes, Thalia usw. erh\u00e4ltlich, aber nicht bei Audible! Mein bislang einziges Buch, zu dem es Sekund\u00e4rliteratur gibt (s.u.) Der zweite Roman war die \u00fcberarbeitete Fassung eines \u00e4lteren Manuskripts, das ich bereits in den Neunzigern &hellip; <a href=\"https:\/\/www.tomliehr.de\/?page_id=16\" class=\"more-link\"><span class=\"screen-reader-text\">Idiotentest<\/span> weiterlesen <span class=\"meta-nav\">&rarr;<\/span><\/a><\/p>\n","protected":false},"author":1,"featured_media":0,"parent":0,"menu_order":11,"comment_status":"closed","ping_status":"closed","template":"","meta":{"footnotes":""},"class_list":["post-16","page","type-page","status-publish","hentry"],"_links":{"self":[{"href":"https:\/\/www.tomliehr.de\/index.php?rest_route=\/wp\/v2\/pages\/16","targetHints":{"allow":["GET"]}}],"collection":[{"href":"https:\/\/www.tomliehr.de\/index.php?rest_route=\/wp\/v2\/pages"}],"about":[{"href":"https:\/\/www.tomliehr.de\/index.php?rest_route=\/wp\/v2\/types\/page"}],"author":[{"embeddable":true,"href":"https:\/\/www.tomliehr.de\/index.php?rest_route=\/wp\/v2\/users\/1"}],"replies":[{"embeddable":true,"href":"https:\/\/www.tomliehr.de\/index.php?rest_route=%2Fwp%2Fv2%2Fcomments&post=16"}],"version-history":[{"count":11,"href":"https:\/\/www.tomliehr.de\/index.php?rest_route=\/wp\/v2\/pages\/16\/revisions"}],"predecessor-version":[{"id":881,"href":"https:\/\/www.tomliehr.de\/index.php?rest_route=\/wp\/v2\/pages\/16\/revisions\/881"}],"wp:attachment":[{"href":"https:\/\/www.tomliehr.de\/index.php?rest_route=%2Fwp%2Fv2%2Fmedia&parent=16"}],"curies":[{"name":"wp","href":"https:\/\/api.w.org\/{rel}","templated":true}]}}